{"id":18329,"date":"2025-07-25T21:42:52","date_gmt":"2025-07-26T01:42:52","guid":{"rendered":"https:\/\/foodmanfirm.com\/?page_id=18329"},"modified":"2025-12-08T16:36:32","modified_gmt":"2025-12-08T21:36:32","slug":"jessiya-joseph-esq","status":"publish","type":"page","link":"https:\/\/foodmanfirm.com\/es\/jessiya-joseph-esq\/","title":{"rendered":"Jessiya Joseph, Esq."},"content":{"rendered":"<section class=\"wpb-content-wrapper\"><p>[vc_row css_animation=\u00bb\u00bb row_type=\u00bbrow\u00bb use_row_as_full_screen_section=\u00bbno\u00bb type=\u00bbgrid\u00bb angled_section=\u00bbno\u00bb text_align=\u00bbcenter\u00bb background_image_as_pattern=\u00bbwithout_pattern\u00bb background_color=\u00bb#f7f7f7&#8243; padding_top=\u00bb60&#8243; padding_bottom=\u00bb50&#8243; css=\u00bb.vc_custom_1603105076355{background-color: #ffffff !important;}\u00bb z_index=\u00bb\u00bb][vc_column width=\u00bb1\/2&#8243;][vc_column_text]<\/p>\n<h2 style=\"text-align: left;\"><span data-olk-copy-source=\"MessageBody\">Jessiya Joseph, Associate<\/span><\/h2>\n<p>[\/vc_column_text][vc_column_text]<\/p>\n<p style=\"text-align: left;\">Jessiya Joseph naci\u00f3 y creci\u00f3 en Bombay, India. Su principal \u00e1rea de pr\u00e1ctica es el litigio civil. Se dedica a brindar una representaci\u00f3n legal excepcional y a brindar soluciones personalizadas y efectivas a los desaf\u00edos legales \u00fanicos de cada cliente. Su experiencia en litigios civiles incluye incumplimiento de contrato, violaci\u00f3n de secretos comerciales, disputas entre accionistas, negligencia, construcci\u00f3n, demandas por lesiones personales y seguros. Adem\u00e1s de su experiencia en litigios civiles, la Sra. Joseph tambi\u00e9n ha representado a extranjeros en procedimientos migratorios, ha ayudado a obtener estatus migratorios en Estados Unidos y ha presentado solicitudes de inmigraci\u00f3n basadas en el empleo para empresas extranjeras.<\/p>\n<p>[\/vc_column_text][vc_separator type=\u00bbtransparent\u00bb up=\u00bb32&#8243; down=\u00bb0&#8243;][vc_single_image image=\u00bb17760&#8243; img_size=\u00bbfull\u00bb qode_css_animation=\u00bb\u00bb][vc_separator type=\u00bbtransparent\u00bb up=\u00bb32&#8243; down=\u00bb0&#8243;][\/vc_column][vc_column width=\u00bb1\/2&#8243;]<div class=\"qode-accordion-holder clearfix qode-toggle qode-initial \">\n\t<h3 class=\"clearfix qode-title-holder\">\n<span class=\"qode-tab-title\">\n\t    <span class=\"qode-tab-title-inner\">\n        Afiliaciones    <\/span>\n<\/span>\n<span class=\"qode-accordion-mark\">\n    <span class=\"qode-accordion-mark-icon\">\n        <span class=\"icon_plus\"><\/span>\n        <span class=\"icon_minus-06\"><\/span>\n    <\/span>\n<\/span>\n<\/h3>\n<div  class=\"qode-accordion-content qode-acc-title-with-icon\" >\n    <div class=\"qode-accordion-content-inner\">\n        [vc_column_text]<\/p>\n<ul>\n<li style=\"text-align: left;\">Asociaci\u00f3n Americana de Abogados de Inmigraci\u00f3n, Comit\u00e9 de Seguridad Vial y Veh\u00edculos Motorizados de Florida, Miembro (2023-2024)<\/li>\n<li style=\"text-align: left;\">Asociaci\u00f3n Americana de Abogados de Inmigraci\u00f3n, Comit\u00e9 del Servicio de Inmigraci\u00f3n y Control de Aduanas de EE. UU., Miembro (2023-2024)<\/li>\n<li style=\"text-align: left;\">Asociaci\u00f3n Americana de Abogados de Inmigraci\u00f3n, Miembro (2021-2024)<\/li>\n<li style=\"text-align: left;\">Asociaci\u00f3n de Abogados de la Comunidad de Estados Asi\u00e1ticos y Pac\u00edfico de Florida, Miembro (2024-presente)<\/li>\n<li style=\"text-align: left;\">Abogados de Florida (2022-presente)<\/li>\n<li style=\"text-align: left;\">Asociaci\u00f3n de Abogados del Condado de Marion (2025-presente)<\/li>\n<\/ul>\n<p>[\/vc_column_text]    <\/div>\n<\/div><h3 class=\"clearfix qode-title-holder\">\n<span class=\"qode-tab-title\">\n\t    <span class=\"qode-tab-title-inner\">\n        Admisiones    <\/span>\n<\/span>\n<span class=\"qode-accordion-mark\">\n    <span class=\"qode-accordion-mark-icon\">\n        <span class=\"icon_plus\"><\/span>\n        <span class=\"icon_minus-06\"><\/span>\n    <\/span>\n<\/span>\n<\/h3>\n<div  class=\"qode-accordion-content qode-acc-title-with-icon\" >\n    <div class=\"qode-accordion-content-inner\">\n        [vc_column_text]<\/p>\n<ul>\n<li style=\"text-align: left;\">Colegio de Abogados de Florida, 2022<\/li>\n<li style=\"text-align: left;\">Tribunal de Distrito de los Estados Unidos, Distrito Sur de Florida, 2025<\/li>\n<li style=\"text-align: left;\">Asociaci\u00f3n de Abogados del Estado de Nueva York, 2022<\/li>\n<\/ul>\n<p>[\/vc_column_text]    <\/div>\n<\/div><h3 class=\"clearfix qode-title-holder\">\n<span class=\"qode-tab-title\">\n\t    <span class=\"qode-tab-title-inner\">\n        Educaci\u00f3n    <\/span>\n<\/span>\n<span class=\"qode-accordion-mark\">\n    <span class=\"qode-accordion-mark-icon\">\n        <span class=\"icon_plus\"><\/span>\n        <span class=\"icon_minus-06\"><\/span>\n    <\/span>\n<\/span>\n<\/h3>\n<div  class=\"qode-accordion-content qode-acc-title-with-icon\" >\n    <div class=\"qode-accordion-content-inner\">\n        [vc_column_text]<\/p>\n<ul>\n<li style=\"text-align: left;\">Facultad de Derecho de la Universidad de Siracusa, Doctorado en Derecho, 2021<\/li>\n<li style=\"text-align: left;\">Universidad de Bombay, India, Licenciatura en Ciencias Pol\u00edticas, 2017<\/li>\n<\/ul>\n<p>[\/vc_column_text]    <\/div>\n<\/div><h3 class=\"clearfix qode-title-holder\">\n<span class=\"qode-tab-title\">\n\t    <span class=\"qode-tab-title-inner\">\n        Distinciones    <\/span>\n<\/span>\n<span class=\"qode-accordion-mark\">\n    <span class=\"qode-accordion-mark-icon\">\n        <span class=\"icon_plus\"><\/span>\n        <span class=\"icon_minus-06\"><\/span>\n    <\/span>\n<\/span>\n<\/h3>\n<div  class=\"qode-accordion-content qode-acc-title-with-icon\" >\n    <div class=\"qode-accordion-content-inner\">\n        [vc_column_text]<\/p>\n<ul>\n<li style=\"text-align: left;\">Facultad de Derecho de la Universidad de Syracuse, Revista de Ciencia y Tecnolog\u00eda, Editor Ejecutivo<\/li>\n<\/ul>\n<p>[\/vc_column_text]    <\/div>\n<\/div><h3 class=\"clearfix qode-title-holder\">\n<span class=\"qode-tab-title\">\n\t    <span class=\"qode-tab-title-inner\">\n        Lenguajes    <\/span>\n<\/span>\n<span class=\"qode-accordion-mark\">\n    <span class=\"qode-accordion-mark-icon\">\n        <span class=\"icon_plus\"><\/span>\n        <span class=\"icon_minus-06\"><\/span>\n    <\/span>\n<\/span>\n<\/h3>\n<div  class=\"qode-accordion-content qode-acc-title-with-icon\" >\n    <div class=\"qode-accordion-content-inner\">\n        [vc_column_text]<\/p>\n<ul>\n<li style=\"text-align: left;\">Ingl\u00e9s<\/li>\n<li style=\"text-align: left;\">Hindi<\/li>\n<li style=\"text-align: left;\">Marathi<\/li>\n<li style=\"text-align: left;\">Malayalam<\/li>\n<li style=\"text-align: left;\">Tamil<\/li>\n<\/ul>\n<p>[\/vc_column_text]    <\/div>\n<\/div><\/div>[\/vc_column][\/vc_row][vc_row css_animation=\u00bb\u00bb row_type=\u00bbrow\u00bb use_row_as_full_screen_section=\u00bbno\u00bb type=\u00bbfull_width\u00bb angled_section=\u00bbno\u00bb text_align=\u00bbleft\u00bb background_image_as_pattern=\u00bbwithout_pattern\u00bb z_index=\u00bb\u00bb padding_bottom=\u00bb90&#8243; padding_top=\u00bb45&#8243; el_class=\u00bbprev-next-row\u00bb][vc_column width=\u00bb1\/4&#8243;]\n\n\t<a href=\"\/heather-l-woods\/\" target=\"_self\" style=\"color: #262626;font-size: 16px;font-weight: 400;text-transform: uppercase;letter-spacing: 1.4px\" class=\"qode-btn qode-btn-medium qode-btn-simple qode-btn-custom-hover-color qode-btn-icon previous-action-but qode-btn-default-hover\" data-hover-color=\"#d2953b\" >\n\t    <span class=\"qode-btn-text\">Anterior<\/span><span class=\"qode-button-v2-icon-holder\"  ><i class=\"qode_icon_font_awesome fa fa-angle-left qode-button-v2-icon-holder-inner\" ><\/i><\/span>\t<\/a>\n\n[\/vc_column][vc_column width=\u00bb1\/4&#8243;][\/vc_column][vc_column width=\u00bb1\/4&#8243;][\/vc_column][vc_column width=\u00bb1\/4&#8243;]\n\n\t<a href=\"\/marcy-s-resnik\/\" target=\"_self\" style=\"color: #262626;font-size: 16px;font-weight: 400;text-transform: uppercase;letter-spacing: 1.4px\" class=\"qode-btn qode-btn-medium qode-btn-simple qode-btn-custom-hover-color qode-btn-icon qode-btn-default-hover\" data-hover-color=\"#d2953b\" >\n\t    <span class=\"qode-btn-text\">Pr\u00f3ximo<\/span><span class=\"qode-button-v2-icon-holder\"  ><i class=\"qode_icon_font_awesome fa fa-angle-right qode-button-v2-icon-holder-inner\" ><\/i><\/span>\t<\/a>\n\n[\/vc_column][\/vc_row][vc_row row_type=\u00bbparallax\u00bb parallax_content_width=\u00bbin_grid\u00bb text_align=\u00bbleft\u00bb full_screen_section_height=\u00bbno\u00bb background_image=\u00bb16753&#8243; section_height=\u00bb420&#8243;][vc_column][vc_separator type=\u00bbtransparent\u00bb up=\u00bb145&#8243; down=\u00bb0&#8243;][vc_column_text css=\u00bb.vc_custom_1599791558704{padding-top: 20px !important;padding-right: 20px !important;padding-bottom: 20px !important;padding-left: 20px !important;}\u00bb el_class=\u00bbtrans-bg\u00bb]<\/p>\n<h2 style=\"text-align: center;\"><em>C<\/em>onfianza. <em>I<\/em>ntegridad. <em>E<\/em>sfuerzo. <em>R<\/em>esultados.<\/h2>\n<p><\/p>\n<h3 style=\"text-align: center;\"><a href=\"\/es\/contactanos\">Cont\u00e1ctanos Hoy<\/a><\/h3>\n<p>[\/vc_column_text][vc_separator type=\u00bbtransparent\u00bb up=\u00bb100&#8243; down=\u00bb0&#8243;][\/vc_column][\/vc_row][vc_row css_animation=\u00bb\u00bb row_type=\u00bbrow\u00bb use_row_as_full_screen_section=\u00bbno\u00bb type=\u00bbfull_width\u00bb angled_section=\u00bbno\u00bb text_align=\u00bbleft\u00bb background_image_as_pattern=\u00bbwithout_pattern\u00bb z_index=\u00bb\u00bb][vc_column]<div class=\"call_to_action simple\" style=\"background-color: #353535;\"><div class=\"container_inner\"><div class=\"text_wrapper column1\"><div class=\"call_to_action_text  font_size_inherit font_weight_inherit\" style=\"font-size:30px;font-weight: 700;\">SUBSCR\u00cdBETE A NUESTRO NEWSLETTER<\/div><a itemprop=\"url\" href=\"\/es\/contactanos\" class=\"qbutton white large\" target=\"_self\" style=\"\" >Subscr\u00edbete Ahora<\/a><\/div><\/div><\/div>[\/vc_column][\/vc_row]<\/p>\n<\/section>","protected":false},"excerpt":{"rendered":"<p>[vc_row css_animation=\u00bb\u00bb row_type=\u00bbrow\u00bb use_row_as_full_screen_section=\u00bbno\u00bb type=\u00bbgrid\u00bb angled_section=\u00bbno\u00bb text_align=\u00bbcenter\u00bb background_image_as_pattern=\u00bbwithout_pattern\u00bb background_color=\u00bb#f7f7f7&#8243; padding_top=\u00bb60&#8243; padding_bottom=\u00bb50&#8243; css=\u00bb.vc_custom_1603105076355{background-color: #ffffff !important;}\u00bb z_index=\u00bb\u00bb][vc_column width=\u00bb1\/2&#8243;][vc_column_text] Jessiya Joseph, Associate [\/vc_column_text][vc_column_text] Jessiya Joseph naci\u00f3 y creci\u00f3 en Bombay, India. Su principal \u00e1rea de pr\u00e1ctica es el litigio civil. Se dedica a brindar una representaci\u00f3n legal excepcional&#8230;<\/p>\n","protected":false},"author":2,"featured_media":0,"parent":0,"menu_order":0,"comment_status":"open","ping_status":"open","template":"full_width.php","meta":{"_acf_changed":false,"footnotes":""},"class_list":["post-18329","page","type-page","status-publish","hentry"],"acf":[],"yoast_head":"<!-- This site is optimized with the Yoast SEO plugin v27.5 - https:\/\/yoast.com\/product\/yoast-seo-wordpress\/ -->\n<title>Jessiya Joseph, Esq. - Foodman Firm<\/title>\n<meta name=\"description\" content=\"El \u00e1rea de pr\u00e1ctica principal de Jessiya Joseph es litigios civiles. La Sra. Joseph se dedica a brindar representaci\u00f3n legal excepcional y a brindar soluciones personalizadas y efectivas a los desaf\u00edos legales \u00fanicos de cada cliente. La experiencia de la Sra. Joseph en litigios civiles incluye incumplimiento de contrato, incumplimiento de secretos comerciales, disputas entre accionistas, negligencia, construcci\u00f3n, reclamos por lesiones personales y seguros.\" \/>\n<meta name=\"robots\" content=\"index, follow, max-snippet:-1, max-image-preview:large, max-video-preview:-1\" \/>\n<link rel=\"canonical\" href=\"https:\/\/foodmanfirm.com\/es\/jessiya-joseph-esq\/\" \/>\n<meta property=\"og:locale\" content=\"es_ES\" \/>\n<meta property=\"og:type\" content=\"article\" \/>\n<meta property=\"og:title\" content=\"Jessiya Joseph, Esq. - Foodman Firm\" \/>\n<meta property=\"og:description\" content=\"El \u00e1rea de pr\u00e1ctica principal de Jessiya Joseph es litigios civiles. La Sra. Joseph se dedica a brindar representaci\u00f3n legal excepcional y a brindar soluciones personalizadas y efectivas a los desaf\u00edos legales \u00fanicos de cada cliente. La experiencia de la Sra. Joseph en litigios civiles incluye incumplimiento de contrato, incumplimiento de secretos comerciales, disputas entre accionistas, negligencia, construcci\u00f3n, reclamos por lesiones personales y seguros.\" \/>\n<meta property=\"og:url\" content=\"https:\/\/foodmanfirm.com\/es\/jessiya-joseph-esq\/\" \/>\n<meta property=\"og:site_name\" content=\"Foodman Firm\" \/>\n<meta property=\"article:modified_time\" content=\"2025-12-08T21:36:32+00:00\" \/>\n<meta property=\"og:image\" content=\"https:\/\/foodmanfirm.com\/wp-content\/uploads\/2021\/02\/logo-social.jpg\" \/>\n\t<meta property=\"og:image:width\" content=\"1220\" \/>\n\t<meta property=\"og:image:height\" content=\"697\" \/>\n\t<meta property=\"og:image:type\" content=\"image\/jpeg\" \/>\n<meta name=\"twitter:card\" content=\"summary_large_image\" \/>\n<meta name=\"twitter:label1\" content=\"Tiempo de lectura\" \/>\n\t<meta name=\"twitter:data1\" content=\"3 minutos\" \/>\n<script type=\"application\/ld+json\" class=\"yoast-schema-graph\">{\"@context\":\"https:\\\/\\\/schema.org\",\"@graph\":[{\"@type\":\"WebPage\",\"@id\":\"https:\\\/\\\/foodmanfirm.com\\\/es\\\/jessiya-joseph-esq\\\/\",\"url\":\"https:\\\/\\\/foodmanfirm.com\\\/es\\\/jessiya-joseph-esq\\\/\",\"name\":\"Jessiya Joseph, Esq. - Foodman Firm\",\"isPartOf\":{\"@id\":\"https:\\\/\\\/foodmanfirm.com\\\/es\\\/#website\"},\"datePublished\":\"2025-07-26T01:42:52+00:00\",\"dateModified\":\"2025-12-08T21:36:32+00:00\",\"description\":\"El \u00e1rea de pr\u00e1ctica principal de Jessiya Joseph es litigios civiles. La Sra. Joseph se dedica a brindar representaci\u00f3n legal excepcional y a brindar soluciones personalizadas y efectivas a los desaf\u00edos legales \u00fanicos de cada cliente. La experiencia de la Sra. Joseph en litigios civiles incluye incumplimiento de contrato, incumplimiento de secretos comerciales, disputas entre accionistas, negligencia, construcci\u00f3n, reclamos por lesiones personales y seguros.\",\"breadcrumb\":{\"@id\":\"https:\\\/\\\/foodmanfirm.com\\\/es\\\/jessiya-joseph-esq\\\/#breadcrumb\"},\"inLanguage\":\"es\",\"potentialAction\":[{\"@type\":\"ReadAction\",\"target\":[\"https:\\\/\\\/foodmanfirm.com\\\/es\\\/jessiya-joseph-esq\\\/\"]}]},{\"@type\":\"BreadcrumbList\",\"@id\":\"https:\\\/\\\/foodmanfirm.com\\\/es\\\/jessiya-joseph-esq\\\/#breadcrumb\",\"itemListElement\":[{\"@type\":\"ListItem\",\"position\":1,\"name\":\"Home\",\"item\":\"https:\\\/\\\/foodmanfirm.com\\\/es\\\/\"},{\"@type\":\"ListItem\",\"position\":2,\"name\":\"Jessiya Joseph, Esq.\"}]},{\"@type\":\"WebSite\",\"@id\":\"https:\\\/\\\/foodmanfirm.com\\\/es\\\/#website\",\"url\":\"https:\\\/\\\/foodmanfirm.com\\\/es\\\/\",\"name\":\"Foodman Firm\",\"description\":\"Miami Concierge Trial Lawyer\",\"publisher\":{\"@id\":\"https:\\\/\\\/foodmanfirm.com\\\/es\\\/#organization\"},\"potentialAction\":[{\"@type\":\"SearchAction\",\"target\":{\"@type\":\"EntryPoint\",\"urlTemplate\":\"https:\\\/\\\/foodmanfirm.com\\\/es\\\/?s={search_term_string}\"},\"query-input\":{\"@type\":\"PropertyValueSpecification\",\"valueRequired\":true,\"valueName\":\"search_term_string\"}}],\"inLanguage\":\"es\"},{\"@type\":\"Organization\",\"@id\":\"https:\\\/\\\/foodmanfirm.com\\\/es\\\/#organization\",\"name\":\"The Foodman Firm\",\"url\":\"https:\\\/\\\/foodmanfirm.com\\\/es\\\/\",\"logo\":{\"@type\":\"ImageObject\",\"inLanguage\":\"es\",\"@id\":\"https:\\\/\\\/foodmanfirm.com\\\/es\\\/#\\\/schema\\\/logo\\\/image\\\/\",\"url\":\"https:\\\/\\\/secureservercdn.net\\\/198.71.233.65\\\/ajd.17f.myftpupload.com\\\/wp-content\\\/uploads\\\/2021\\\/02\\\/logo-social.jpg?time=1622702638\",\"contentUrl\":\"https:\\\/\\\/secureservercdn.net\\\/198.71.233.65\\\/ajd.17f.myftpupload.com\\\/wp-content\\\/uploads\\\/2021\\\/02\\\/logo-social.jpg?time=1622702638\",\"width\":1220,\"height\":697,\"caption\":\"The Foodman Firm\"},\"image\":{\"@id\":\"https:\\\/\\\/foodmanfirm.com\\\/es\\\/#\\\/schema\\\/logo\\\/image\\\/\"}}]}<\/script>\n<!-- \/ Yoast SEO plugin. -->","yoast_head_json":{"title":"Jessiya Joseph, Esq. - Foodman Firm","description":"El \u00e1rea de pr\u00e1ctica principal de Jessiya Joseph es litigios civiles. La Sra. Joseph se dedica a brindar representaci\u00f3n legal excepcional y a brindar soluciones personalizadas y efectivas a los desaf\u00edos legales \u00fanicos de cada cliente. La experiencia de la Sra. Joseph en litigios civiles incluye incumplimiento de contrato, incumplimiento de secretos comerciales, disputas entre accionistas, negligencia, construcci\u00f3n, reclamos por lesiones personales y seguros.","robots":{"index":"index","follow":"follow","max-snippet":"max-snippet:-1","max-image-preview":"max-image-preview:large","max-video-preview":"max-video-preview:-1"},"canonical":"https:\/\/foodmanfirm.com\/es\/jessiya-joseph-esq\/","og_locale":"es_ES","og_type":"article","og_title":"Jessiya Joseph, Esq. - Foodman Firm","og_description":"El \u00e1rea de pr\u00e1ctica principal de Jessiya Joseph es litigios civiles. La Sra. Joseph se dedica a brindar representaci\u00f3n legal excepcional y a brindar soluciones personalizadas y efectivas a los desaf\u00edos legales \u00fanicos de cada cliente. La experiencia de la Sra. Joseph en litigios civiles incluye incumplimiento de contrato, incumplimiento de secretos comerciales, disputas entre accionistas, negligencia, construcci\u00f3n, reclamos por lesiones personales y seguros.","og_url":"https:\/\/foodmanfirm.com\/es\/jessiya-joseph-esq\/","og_site_name":"Foodman Firm","article_modified_time":"2025-12-08T21:36:32+00:00","og_image":[{"width":1220,"height":697,"url":"https:\/\/foodmanfirm.com\/wp-content\/uploads\/2021\/02\/logo-social.jpg","type":"image\/jpeg"}],"twitter_card":"summary_large_image","twitter_misc":{"Tiempo de lectura":"3 minutos"},"schema":{"@context":"https:\/\/schema.org","@graph":[{"@type":"WebPage","@id":"https:\/\/foodmanfirm.com\/es\/jessiya-joseph-esq\/","url":"https:\/\/foodmanfirm.com\/es\/jessiya-joseph-esq\/","name":"Jessiya Joseph, Esq. - Foodman Firm","isPartOf":{"@id":"https:\/\/foodmanfirm.com\/es\/#website"},"datePublished":"2025-07-26T01:42:52+00:00","dateModified":"2025-12-08T21:36:32+00:00","description":"El \u00e1rea de pr\u00e1ctica principal de Jessiya Joseph es litigios civiles. La Sra. Joseph se dedica a brindar representaci\u00f3n legal excepcional y a brindar soluciones personalizadas y efectivas a los desaf\u00edos legales \u00fanicos de cada cliente. La experiencia de la Sra. Joseph en litigios civiles incluye incumplimiento de contrato, incumplimiento de secretos comerciales, disputas entre accionistas, negligencia, construcci\u00f3n, reclamos por lesiones personales y seguros.","breadcrumb":{"@id":"https:\/\/foodmanfirm.com\/es\/jessiya-joseph-esq\/#breadcrumb"},"inLanguage":"es","potentialAction":[{"@type":"ReadAction","target":["https:\/\/foodmanfirm.com\/es\/jessiya-joseph-esq\/"]}]},{"@type":"BreadcrumbList","@id":"https:\/\/foodmanfirm.com\/es\/jessiya-joseph-esq\/#breadcrumb","itemListElement":[{"@type":"ListItem","position":1,"name":"Home","item":"https:\/\/foodmanfirm.com\/es\/"},{"@type":"ListItem","position":2,"name":"Jessiya Joseph, Esq."}]},{"@type":"WebSite","@id":"https:\/\/foodmanfirm.com\/es\/#website","url":"https:\/\/foodmanfirm.com\/es\/","name":"Foodman Firm","description":"Miami Concierge Trial Lawyer","publisher":{"@id":"https:\/\/foodmanfirm.com\/es\/#organization"},"potentialAction":[{"@type":"SearchAction","target":{"@type":"EntryPoint","urlTemplate":"https:\/\/foodmanfirm.com\/es\/?s={search_term_string}"},"query-input":{"@type":"PropertyValueSpecification","valueRequired":true,"valueName":"search_term_string"}}],"inLanguage":"es"},{"@type":"Organization","@id":"https:\/\/foodmanfirm.com\/es\/#organization","name":"The Foodman Firm","url":"https:\/\/foodmanfirm.com\/es\/","logo":{"@type":"ImageObject","inLanguage":"es","@id":"https:\/\/foodmanfirm.com\/es\/#\/schema\/logo\/image\/","url":"https:\/\/secureservercdn.net\/198.71.233.65\/ajd.17f.myftpupload.com\/wp-content\/uploads\/2021\/02\/logo-social.jpg?time=1622702638","contentUrl":"https:\/\/secureservercdn.net\/198.71.233.65\/ajd.17f.myftpupload.com\/wp-content\/uploads\/2021\/02\/logo-social.jpg?time=1622702638","width":1220,"height":697,"caption":"The Foodman Firm"},"image":{"@id":"https:\/\/foodmanfirm.com\/es\/#\/schema\/logo\/image\/"}}]}},"_links":{"self":[{"href":"https:\/\/foodmanfirm.com\/es\/wp-json\/wp\/v2\/pages\/18329","targetHints":{"allow":["GET"]}}],"collection":[{"href":"https:\/\/foodmanfirm.com\/es\/wp-json\/wp\/v2\/pages"}],"about":[{"href":"https:\/\/foodmanfirm.com\/es\/wp-json\/wp\/v2\/types\/page"}],"author":[{"embeddable":true,"href":"https:\/\/foodmanfirm.com\/es\/wp-json\/wp\/v2\/users\/2"}],"replies":[{"embeddable":true,"href":"https:\/\/foodmanfirm.com\/es\/wp-json\/wp\/v2\/comments?post=18329"}],"version-history":[{"count":12,"href":"https:\/\/foodmanfirm.com\/es\/wp-json\/wp\/v2\/pages\/18329\/revisions"}],"predecessor-version":[{"id":18403,"href":"https:\/\/foodmanfirm.com\/es\/wp-json\/wp\/v2\/pages\/18329\/revisions\/18403"}],"wp:attachment":[{"href":"https:\/\/foodmanfirm.com\/es\/wp-json\/wp\/v2\/media?parent=18329"}],"curies":[{"name":"wp","href":"https:\/\/api.w.org\/{rel}","templated":true}]}}