{"id":18289,"date":"2023-11-30T14:56:04","date_gmt":"2023-11-30T19:56:04","guid":{"rendered":"https:\/\/foodmanfirm.com\/?page_id=18289"},"modified":"2025-12-08T16:44:43","modified_gmt":"2025-12-08T21:44:43","slug":"marcy-s-resnik-abogada","status":"publish","type":"page","link":"https:\/\/foodmanfirm.com\/es\/marcy-s-resnik-abogada\/","title":{"rendered":"Marcy S. Resnik, Esq."},"content":{"rendered":"<section class=\"wpb-content-wrapper\"><p>[vc_row css_animation=\u00bb\u00bb row_type=\u00bbrow\u00bb use_row_as_full_screen_section=\u00bbno\u00bb type=\u00bbgrid\u00bb angled_section=\u00bbno\u00bb text_align=\u00bbcenter\u00bb background_image_as_pattern=\u00bbwithout_pattern\u00bb background_color=\u00bb#f7f7f7&#8243; padding_top=\u00bb60&#8243; padding_bottom=\u00bb50&#8243; css=\u00bb.vc_custom_1603105076355{background-color: #ffffff !important;}\u00bb z_index=\u00bb\u00bb][vc_column width=\u00bb1\/2&#8243;][vc_column_text]<\/p>\n<h2 style=\"text-align: left;\">Marcy S. Resnik, de abogado<\/h2>\n<p>[\/vc_column_text][vc_column_text]<\/p>\n<p style=\"text-align: left;\">Marcy Resnik es una abogada litigante con m\u00e1s de treinta a\u00f1os de experiencia en derecho de familia. La pr\u00e1ctica de la Sra. Resnik se centra en derecho de familia, defensa de condominios y propietarios de viviendas, y litigios comerciales.<\/p>\n<p><\/p>\n<p style=\"text-align: left;\">Su amplia gama de experiencia incluye casos relacionados con divorcio, custodia de hijos, adopci\u00f3n, pensi\u00f3n alimenticia, terminaci\u00f3n de la patria potestad, litigios de defensa de ejecuciones hipotecarias de condominios y propietarios de viviendas, fraude, litigios de pr\u00e1cticas comerciales, litigios laborales, procedimientos regulatorios, incumplimiento de contrato, litigios de marcas y casos de accionistas. disputas derivadas.<\/p>\n<p>[\/vc_column_text][vc_separator type=\u00bbtransparent\u00bb up=\u00bb32&#8243; down=\u00bb0&#8243;][vc_single_image image=\u00bb17760&#8243; img_size=\u00bbfull\u00bb qode_css_animation=\u00bb\u00bb][vc_separator type=\u00bbtransparent\u00bb up=\u00bb32&#8243; down=\u00bb0&#8243;][\/vc_column][vc_column width=\u00bb1\/2&#8243;]<div class=\"qode-accordion-holder clearfix qode-toggle qode-initial \">\n\t<h3 class=\"clearfix qode-title-holder\">\n<span class=\"qode-tab-title\">\n\t    <span class=\"qode-tab-title-inner\">\n        Logros    <\/span>\n<\/span>\n<span class=\"qode-accordion-mark\">\n    <span class=\"qode-accordion-mark-icon\">\n        <span class=\"icon_plus\"><\/span>\n        <span class=\"icon_minus-06\"><\/span>\n    <\/span>\n<\/span>\n<\/h3>\n<div  class=\"qode-accordion-content qode-acc-title-with-icon\" >\n    <div class=\"qode-accordion-content-inner\">\n        [vc_column_text]<\/p>\n<ul>\n<li style=\"text-align: left;\">Juzg\u00f3 cientos de casos de derecho de familia y audiencias probatorias.<\/li>\n<li style=\"text-align: left;\">Patrimonio conyugal resuelto con \u00e9xito valorado en m\u00e1s de $150 millones.<\/li>\n<li style=\"text-align: left;\">Obtuve resultados favorables en la impugnaci\u00f3n de acuerdos prenupciales.<\/li>\n<\/ul>\n<p>[\/vc_column_text]    <\/div>\n<\/div><h3 class=\"clearfix qode-title-holder\">\n<span class=\"qode-tab-title\">\n\t    <span class=\"qode-tab-title-inner\">\n         Afiliaciones    <\/span>\n<\/span>\n<span class=\"qode-accordion-mark\">\n    <span class=\"qode-accordion-mark-icon\">\n        <span class=\"icon_plus\"><\/span>\n        <span class=\"icon_minus-06\"><\/span>\n    <\/span>\n<\/span>\n<\/h3>\n<div  class=\"qode-accordion-content qode-acc-title-with-icon\" >\n    <div class=\"qode-accordion-content-inner\">\n        [vc_column_text]<\/p>\n<ul>\n<li style=\"text-align: left;\">El Colegio de Abogados de Florida<\/li>\n<li style=\"text-align: left;\">Asociaci\u00f3n de Abogados del Condado de Broward<\/li>\n<li style=\"text-align: left;\">Asociaci\u00f3n de Mujeres Abogadas de Florida, Cap\u00edtulo del Condado de Dade<br \/>\nCentro Jud\u00edo<\/li>\n<li style=\"text-align: left;\">Aventura Turnberry, ex presidente inmediato<\/li>\n<li style=\"text-align: left;\">Escuela Pine Crest, miembro de la junta directiva<\/li>\n<li style=\"text-align: left;\">Escuela Pine Crest, club de madres, ex presidenta<\/li>\n<\/ul>\n<p>[\/vc_column_text]    <\/div>\n<\/div><h3 class=\"clearfix qode-title-holder\">\n<span class=\"qode-tab-title\">\n\t    <span class=\"qode-tab-title-inner\">\n        Admisiones    <\/span>\n<\/span>\n<span class=\"qode-accordion-mark\">\n    <span class=\"qode-accordion-mark-icon\">\n        <span class=\"icon_plus\"><\/span>\n        <span class=\"icon_minus-06\"><\/span>\n    <\/span>\n<\/span>\n<\/h3>\n<div  class=\"qode-accordion-content qode-acc-title-with-icon\" >\n    <div class=\"qode-accordion-content-inner\">\n        [vc_column_text]<\/p>\n<ul>\n<li style=\"text-align: left;\">Tribunal de Distrito de los Estados Unidos, Distrito Sur de Florida, 1988<\/li>\n<li style=\"text-align: left;\">Colegio de Abogados de Florida, 1988<\/li>\n<\/ul>\n<p>[\/vc_column_text]    <\/div>\n<\/div><h3 class=\"clearfix qode-title-holder\">\n<span class=\"qode-tab-title\">\n\t    <span class=\"qode-tab-title-inner\">\n        Educaci\u00f3n    <\/span>\n<\/span>\n<span class=\"qode-accordion-mark\">\n    <span class=\"qode-accordion-mark-icon\">\n        <span class=\"icon_plus\"><\/span>\n        <span class=\"icon_minus-06\"><\/span>\n    <\/span>\n<\/span>\n<\/h3>\n<div  class=\"qode-accordion-content qode-acc-title-with-icon\" >\n    <div class=\"qode-accordion-content-inner\">\n        [vc_column_text]<\/p>\n<ul>\n<li style=\"text-align: left;\">Shepard Broad Law Center de la Universidad Nova Southeastern, J.D. 1988<\/li>\n<li style=\"text-align: left;\">Universidad de Maryland, Licenciatura en Ciencias Pol\u00edticas, 1985<\/li>\n<\/ul>\n<p>[\/vc_column_text]    <\/div>\n<\/div><h3 class=\"clearfix qode-title-holder\">\n<span class=\"qode-tab-title\">\n\t    <span class=\"qode-tab-title-inner\">\n        Distinciones    <\/span>\n<\/span>\n<span class=\"qode-accordion-mark\">\n    <span class=\"qode-accordion-mark-icon\">\n        <span class=\"icon_plus\"><\/span>\n        <span class=\"icon_minus-06\"><\/span>\n    <\/span>\n<\/span>\n<\/h3>\n<div  class=\"qode-accordion-content qode-acc-title-with-icon\" >\n    <div class=\"qode-accordion-content-inner\">\n        [vc_column_text]<\/p>\n<ul>\n<li style=\"text-align: left;\">AV Preeminent, clasificado por Martindale Hubbell, el m\u00e1s alto reconocimiento a la excelencia, las habilidades y la integridad profesionales, desde 1989 hasta la actualidad<\/li>\n<li style=\"text-align: left;\">Abogados mejor calificados, l\u00edderes legales del sur de Florida &#8211; 2015<\/li>\n<\/ul>\n<p>[\/vc_column_text]    <\/div>\n<\/div><h3 class=\"clearfix qode-title-holder\">\n<span class=\"qode-tab-title\">\n\t    <span class=\"qode-tab-title-inner\">\n        Lenguajes    <\/span>\n<\/span>\n<span class=\"qode-accordion-mark\">\n    <span class=\"qode-accordion-mark-icon\">\n        <span class=\"icon_plus\"><\/span>\n        <span class=\"icon_minus-06\"><\/span>\n    <\/span>\n<\/span>\n<\/h3>\n<div  class=\"qode-accordion-content qode-acc-title-with-icon\" >\n    <div class=\"qode-accordion-content-inner\">\n        [vc_column_text]<\/p>\n<ul>\n<li style=\"text-align: left;\">Ingl\u00e9s<\/li>\n<\/ul>\n<p>[\/vc_column_text]    <\/div>\n<\/div><\/div>[\/vc_column][\/vc_row][vc_row css_animation=\u00bb\u00bb row_type=\u00bbrow\u00bb use_row_as_full_screen_section=\u00bbno\u00bb type=\u00bbfull_width\u00bb angled_section=\u00bbno\u00bb text_align=\u00bbleft\u00bb background_image_as_pattern=\u00bbwithout_pattern\u00bb z_index=\u00bb\u00bb padding_bottom=\u00bb90&#8243; padding_top=\u00bb45&#8243; el_class=\u00bbprev-next-row\u00bb][vc_column width=\u00bb1\/4&#8243;]\n\n\t<a href=\"\/es\/brandy-abreu-esq\/\" target=\"_self\" style=\"color: #262626;font-size: 16px;font-weight: 400;text-transform: uppercase;letter-spacing: 1.4px\" class=\"qode-btn qode-btn-medium qode-btn-simple qode-btn-custom-hover-color qode-btn-icon previous-action-but qode-btn-default-hover\" data-hover-color=\"#d2953b\" >\n\t    <span class=\"qode-btn-text\">Anterior<\/span><span class=\"qode-button-v2-icon-holder\"  ><i class=\"qode_icon_font_awesome fa fa-angle-left qode-button-v2-icon-holder-inner\" ><\/i><\/span>\t<\/a>\n\n[\/vc_column][vc_column width=\u00bb1\/4&#8243;][\/vc_column][vc_column width=\u00bb1\/4&#8243;][\/vc_column][vc_column width=\u00bb1\/4&#8243;]\n\n\t<a href=\"\/es\/brandy-abreu-esq\/\" target=\"_self\" style=\"color: #262626;font-size: 16px;font-weight: 400;text-transform: uppercase;letter-spacing: 1.4px\" class=\"qode-btn qode-btn-medium qode-btn-simple qode-btn-custom-hover-color qode-btn-icon qode-btn-default-hover\" data-hover-color=\"#d2953b\" >\n\t    <span class=\"qode-btn-text\">Pr\u00f3ximo<\/span><span class=\"qode-button-v2-icon-holder\"  ><i class=\"qode_icon_font_awesome fa fa-angle-right qode-button-v2-icon-holder-inner\" ><\/i><\/span>\t<\/a>\n\n[\/vc_column][\/vc_row][vc_row row_type=\u00bbparallax\u00bb parallax_content_width=\u00bbin_grid\u00bb text_align=\u00bbleft\u00bb full_screen_section_height=\u00bbno\u00bb background_image=\u00bb16753&#8243; section_height=\u00bb420&#8243;][vc_column][vc_separator type=\u00bbtransparent\u00bb up=\u00bb145&#8243; down=\u00bb0&#8243;][vc_column_text css=\u00bb.vc_custom_1599791558704{padding-top: 20px !important;padding-right: 20px !important;padding-bottom: 20px !important;padding-left: 20px !important;}\u00bb el_class=\u00bbtrans-bg\u00bb]<\/p>\n<h2 style=\"text-align: center;\"><em>C<\/em>onfianza. <em>I<\/em>ntegridad. <em>E<\/em>sfuerzo. <em>R<\/em>esultados.<\/h2>\n<p><\/p>\n<h3 style=\"text-align: center;\"><a href=\"\/es\/contactanos\">Cont\u00e1ctanos Hoy<\/a><\/h3>\n<p>[\/vc_column_text][vc_separator type=\u00bbtransparent\u00bb up=\u00bb100&#8243; down=\u00bb0&#8243;][\/vc_column][\/vc_row][vc_row css_animation=\u00bb\u00bb row_type=\u00bbrow\u00bb use_row_as_full_screen_section=\u00bbno\u00bb type=\u00bbfull_width\u00bb angled_section=\u00bbno\u00bb text_align=\u00bbleft\u00bb background_image_as_pattern=\u00bbwithout_pattern\u00bb z_index=\u00bb\u00bb][vc_column]<div class=\"call_to_action simple\" style=\"background-color: #353535;\"><div class=\"container_inner\"><div class=\"text_wrapper column1\"><div class=\"call_to_action_text  font_size_inherit font_weight_inherit\" style=\"font-size:30px;font-weight: 700;\">SUBSCR\u00cdBETE A NUESTRO NEWSLETTER<\/div><a itemprop=\"url\" href=\"\/es\/contactanos\" class=\"qbutton white large\" target=\"_self\" style=\"\" >Subscr\u00edbete Ahora<\/a><\/div><\/div><\/div>[\/vc_column][\/vc_row]<\/p>\n<\/section>","protected":false},"excerpt":{"rendered":"<p>[vc_row css_animation=\u00bb\u00bb row_type=\u00bbrow\u00bb use_row_as_full_screen_section=\u00bbno\u00bb type=\u00bbgrid\u00bb angled_section=\u00bbno\u00bb text_align=\u00bbcenter\u00bb background_image_as_pattern=\u00bbwithout_pattern\u00bb background_color=\u00bb#f7f7f7&#8243; padding_top=\u00bb60&#8243; padding_bottom=\u00bb50&#8243; css=\u00bb.vc_custom_1603105076355{background-color: #ffffff !important;}\u00bb z_index=\u00bb\u00bb][vc_column width=\u00bb1\/2&#8243;][vc_column_text] Marcy S. Resnik, de abogado [\/vc_column_text][vc_column_text] Marcy Resnik es una abogada litigante con m\u00e1s de treinta a\u00f1os de experiencia en derecho de familia. La pr\u00e1ctica de la Sra. Resnik&#8230;<\/p>\n","protected":false},"author":2,"featured_media":0,"parent":0,"menu_order":0,"comment_status":"open","ping_status":"closed","template":"full_width.php","meta":{"_acf_changed":false,"footnotes":""},"class_list":["post-18289","page","type-page","status-publish","hentry"],"acf":[],"yoast_head":"<!-- This site is optimized with the Yoast SEO plugin v27.6 - https:\/\/yoast.com\/product\/yoast-seo-wordpress\/ -->\n<title>Marcy S. Resnik, Esq. - Foodman Firm<\/title>\n<meta name=\"description\" content=\"Marcy Resnik es una abogada litigante con m\u00e1s de treinta a\u00f1os de experiencia en derecho de familia. La pr\u00e1ctica de la Sra. Resnik se centra en derecho de familia, defensa de condominios y propietarios de viviendas, y litigios comerciales.\" \/>\n<meta name=\"robots\" content=\"index, follow, max-snippet:-1, max-image-preview:large, max-video-preview:-1\" \/>\n<link rel=\"canonical\" href=\"https:\/\/foodmanfirm.com\/es\/marcy-s-resnik-abogada\/\" \/>\n<meta property=\"og:locale\" content=\"es_ES\" \/>\n<meta property=\"og:type\" content=\"article\" \/>\n<meta property=\"og:title\" content=\"Marcy S. Resnik, Esq. - Foodman Firm\" \/>\n<meta property=\"og:description\" content=\"Marcy Resnik es una abogada litigante con m\u00e1s de treinta a\u00f1os de experiencia en derecho de familia. La pr\u00e1ctica de la Sra. Resnik se centra en derecho de familia, defensa de condominios y propietarios de viviendas, y litigios comerciales.\" \/>\n<meta property=\"og:url\" content=\"https:\/\/foodmanfirm.com\/es\/marcy-s-resnik-abogada\/\" \/>\n<meta property=\"og:site_name\" content=\"Foodman Firm\" \/>\n<meta property=\"article:modified_time\" content=\"2025-12-08T21:44:43+00:00\" \/>\n<meta property=\"og:image\" content=\"https:\/\/foodmanfirm.com\/wp-content\/uploads\/2021\/02\/logo-social.jpg\" \/>\n\t<meta property=\"og:image:width\" content=\"1220\" \/>\n\t<meta property=\"og:image:height\" content=\"697\" \/>\n\t<meta property=\"og:image:type\" content=\"image\/jpeg\" \/>\n<meta name=\"twitter:card\" content=\"summary_large_image\" \/>\n<meta name=\"twitter:label1\" content=\"Tiempo de lectura\" \/>\n\t<meta name=\"twitter:data1\" content=\"2 minutos\" \/>\n<script type=\"application\/ld+json\" class=\"yoast-schema-graph\">{\"@context\":\"https:\\\/\\\/schema.org\",\"@graph\":[{\"@type\":\"WebPage\",\"@id\":\"https:\\\/\\\/foodmanfirm.com\\\/es\\\/marcy-s-resnik-abogada\\\/\",\"url\":\"https:\\\/\\\/foodmanfirm.com\\\/es\\\/marcy-s-resnik-abogada\\\/\",\"name\":\"Marcy S. Resnik, Esq. - Foodman Firm\",\"isPartOf\":{\"@id\":\"https:\\\/\\\/foodmanfirm.com\\\/es\\\/#website\"},\"datePublished\":\"2023-11-30T19:56:04+00:00\",\"dateModified\":\"2025-12-08T21:44:43+00:00\",\"description\":\"Marcy Resnik es una abogada litigante con m\u00e1s de treinta a\u00f1os de experiencia en derecho de familia. La pr\u00e1ctica de la Sra. Resnik se centra en derecho de familia, defensa de condominios y propietarios de viviendas, y litigios comerciales.\",\"breadcrumb\":{\"@id\":\"https:\\\/\\\/foodmanfirm.com\\\/es\\\/marcy-s-resnik-abogada\\\/#breadcrumb\"},\"inLanguage\":\"es\",\"potentialAction\":[{\"@type\":\"ReadAction\",\"target\":[\"https:\\\/\\\/foodmanfirm.com\\\/es\\\/marcy-s-resnik-abogada\\\/\"]}]},{\"@type\":\"BreadcrumbList\",\"@id\":\"https:\\\/\\\/foodmanfirm.com\\\/es\\\/marcy-s-resnik-abogada\\\/#breadcrumb\",\"itemListElement\":[{\"@type\":\"ListItem\",\"position\":1,\"name\":\"Home\",\"item\":\"https:\\\/\\\/foodmanfirm.com\\\/es\\\/\"},{\"@type\":\"ListItem\",\"position\":2,\"name\":\"Marcy S. Resnik, Esq.\"}]},{\"@type\":\"WebSite\",\"@id\":\"https:\\\/\\\/foodmanfirm.com\\\/es\\\/#website\",\"url\":\"https:\\\/\\\/foodmanfirm.com\\\/es\\\/\",\"name\":\"Foodman Firm\",\"description\":\"Miami Concierge Trial Lawyer\",\"publisher\":{\"@id\":\"https:\\\/\\\/foodmanfirm.com\\\/es\\\/#organization\"},\"potentialAction\":[{\"@type\":\"SearchAction\",\"target\":{\"@type\":\"EntryPoint\",\"urlTemplate\":\"https:\\\/\\\/foodmanfirm.com\\\/es\\\/?s={search_term_string}\"},\"query-input\":{\"@type\":\"PropertyValueSpecification\",\"valueRequired\":true,\"valueName\":\"search_term_string\"}}],\"inLanguage\":\"es\"},{\"@type\":\"Organization\",\"@id\":\"https:\\\/\\\/foodmanfirm.com\\\/es\\\/#organization\",\"name\":\"The Foodman Firm\",\"url\":\"https:\\\/\\\/foodmanfirm.com\\\/es\\\/\",\"logo\":{\"@type\":\"ImageObject\",\"inLanguage\":\"es\",\"@id\":\"https:\\\/\\\/foodmanfirm.com\\\/es\\\/#\\\/schema\\\/logo\\\/image\\\/\",\"url\":\"https:\\\/\\\/secureservercdn.net\\\/198.71.233.65\\\/ajd.17f.myftpupload.com\\\/wp-content\\\/uploads\\\/2021\\\/02\\\/logo-social.jpg?time=1622702638\",\"contentUrl\":\"https:\\\/\\\/secureservercdn.net\\\/198.71.233.65\\\/ajd.17f.myftpupload.com\\\/wp-content\\\/uploads\\\/2021\\\/02\\\/logo-social.jpg?time=1622702638\",\"width\":1220,\"height\":697,\"caption\":\"The Foodman Firm\"},\"image\":{\"@id\":\"https:\\\/\\\/foodmanfirm.com\\\/es\\\/#\\\/schema\\\/logo\\\/image\\\/\"}}]}<\/script>\n<!-- \/ Yoast SEO plugin. -->","yoast_head_json":{"title":"Marcy S. Resnik, Esq. - Foodman Firm","description":"Marcy Resnik es una abogada litigante con m\u00e1s de treinta a\u00f1os de experiencia en derecho de familia. La pr\u00e1ctica de la Sra. Resnik se centra en derecho de familia, defensa de condominios y propietarios de viviendas, y litigios comerciales.","robots":{"index":"index","follow":"follow","max-snippet":"max-snippet:-1","max-image-preview":"max-image-preview:large","max-video-preview":"max-video-preview:-1"},"canonical":"https:\/\/foodmanfirm.com\/es\/marcy-s-resnik-abogada\/","og_locale":"es_ES","og_type":"article","og_title":"Marcy S. Resnik, Esq. - Foodman Firm","og_description":"Marcy Resnik es una abogada litigante con m\u00e1s de treinta a\u00f1os de experiencia en derecho de familia. La pr\u00e1ctica de la Sra. Resnik se centra en derecho de familia, defensa de condominios y propietarios de viviendas, y litigios comerciales.","og_url":"https:\/\/foodmanfirm.com\/es\/marcy-s-resnik-abogada\/","og_site_name":"Foodman Firm","article_modified_time":"2025-12-08T21:44:43+00:00","og_image":[{"width":1220,"height":697,"url":"https:\/\/foodmanfirm.com\/wp-content\/uploads\/2021\/02\/logo-social.jpg","type":"image\/jpeg"}],"twitter_card":"summary_large_image","twitter_misc":{"Tiempo de lectura":"2 minutos"},"schema":{"@context":"https:\/\/schema.org","@graph":[{"@type":"WebPage","@id":"https:\/\/foodmanfirm.com\/es\/marcy-s-resnik-abogada\/","url":"https:\/\/foodmanfirm.com\/es\/marcy-s-resnik-abogada\/","name":"Marcy S. Resnik, Esq. - Foodman Firm","isPartOf":{"@id":"https:\/\/foodmanfirm.com\/es\/#website"},"datePublished":"2023-11-30T19:56:04+00:00","dateModified":"2025-12-08T21:44:43+00:00","description":"Marcy Resnik es una abogada litigante con m\u00e1s de treinta a\u00f1os de experiencia en derecho de familia. La pr\u00e1ctica de la Sra. Resnik se centra en derecho de familia, defensa de condominios y propietarios de viviendas, y litigios comerciales.","breadcrumb":{"@id":"https:\/\/foodmanfirm.com\/es\/marcy-s-resnik-abogada\/#breadcrumb"},"inLanguage":"es","potentialAction":[{"@type":"ReadAction","target":["https:\/\/foodmanfirm.com\/es\/marcy-s-resnik-abogada\/"]}]},{"@type":"BreadcrumbList","@id":"https:\/\/foodmanfirm.com\/es\/marcy-s-resnik-abogada\/#breadcrumb","itemListElement":[{"@type":"ListItem","position":1,"name":"Home","item":"https:\/\/foodmanfirm.com\/es\/"},{"@type":"ListItem","position":2,"name":"Marcy S. Resnik, Esq."}]},{"@type":"WebSite","@id":"https:\/\/foodmanfirm.com\/es\/#website","url":"https:\/\/foodmanfirm.com\/es\/","name":"Foodman Firm","description":"Miami Concierge Trial Lawyer","publisher":{"@id":"https:\/\/foodmanfirm.com\/es\/#organization"},"potentialAction":[{"@type":"SearchAction","target":{"@type":"EntryPoint","urlTemplate":"https:\/\/foodmanfirm.com\/es\/?s={search_term_string}"},"query-input":{"@type":"PropertyValueSpecification","valueRequired":true,"valueName":"search_term_string"}}],"inLanguage":"es"},{"@type":"Organization","@id":"https:\/\/foodmanfirm.com\/es\/#organization","name":"The Foodman Firm","url":"https:\/\/foodmanfirm.com\/es\/","logo":{"@type":"ImageObject","inLanguage":"es","@id":"https:\/\/foodmanfirm.com\/es\/#\/schema\/logo\/image\/","url":"https:\/\/secureservercdn.net\/198.71.233.65\/ajd.17f.myftpupload.com\/wp-content\/uploads\/2021\/02\/logo-social.jpg?time=1622702638","contentUrl":"https:\/\/secureservercdn.net\/198.71.233.65\/ajd.17f.myftpupload.com\/wp-content\/uploads\/2021\/02\/logo-social.jpg?time=1622702638","width":1220,"height":697,"caption":"The Foodman Firm"},"image":{"@id":"https:\/\/foodmanfirm.com\/es\/#\/schema\/logo\/image\/"}}]}},"_links":{"self":[{"href":"https:\/\/foodmanfirm.com\/es\/wp-json\/wp\/v2\/pages\/18289","targetHints":{"allow":["GET"]}}],"collection":[{"href":"https:\/\/foodmanfirm.com\/es\/wp-json\/wp\/v2\/pages"}],"about":[{"href":"https:\/\/foodmanfirm.com\/es\/wp-json\/wp\/v2\/types\/page"}],"author":[{"embeddable":true,"href":"https:\/\/foodmanfirm.com\/es\/wp-json\/wp\/v2\/users\/2"}],"replies":[{"embeddable":true,"href":"https:\/\/foodmanfirm.com\/es\/wp-json\/wp\/v2\/comments?post=18289"}],"version-history":[{"count":21,"href":"https:\/\/foodmanfirm.com\/es\/wp-json\/wp\/v2\/pages\/18289\/revisions"}],"predecessor-version":[{"id":18408,"href":"https:\/\/foodmanfirm.com\/es\/wp-json\/wp\/v2\/pages\/18289\/revisions\/18408"}],"wp:attachment":[{"href":"https:\/\/foodmanfirm.com\/es\/wp-json\/wp\/v2\/media?parent=18289"}],"curies":[{"name":"wp","href":"https:\/\/api.w.org\/{rel}","templated":true}]}}