{"id":18081,"date":"2022-10-09T02:35:24","date_gmt":"2022-10-09T06:35:24","guid":{"rendered":"https:\/\/foodmanfirm.com\/?page_id=18081"},"modified":"2025-12-08T16:36:05","modified_gmt":"2025-12-08T21:36:05","slug":"brandy-abreu-esq","status":"publish","type":"page","link":"https:\/\/foodmanfirm.com\/es\/brandy-abreu-esq\/","title":{"rendered":"Brandy Abreu, Esq."},"content":{"rendered":"<section class=\"wpb-content-wrapper\"><p>[vc_row css_animation=\u00bb\u00bb row_type=\u00bbrow\u00bb use_row_as_full_screen_section=\u00bbno\u00bb type=\u00bbgrid\u00bb angled_section=\u00bbno\u00bb text_align=\u00bbcenter\u00bb background_image_as_pattern=\u00bbwithout_pattern\u00bb background_color=\u00bb#f7f7f7&#8243; padding_top=\u00bb60&#8243; padding_bottom=\u00bb50&#8243; css=\u00bb.vc_custom_1603105076355{background-color: #ffffff !important;}\u00bb z_index=\u00bb\u00bb][vc_column width=\u00bb1\/2&#8243;][vc_column_text]<\/p>\n<h2 style=\"text-align: left;\">Brandy Abreu, Abogada<\/h2>\n<p>[\/vc_column_text][vc_column_text]<\/p>\n<p style=\"text-align: left;\">Brandy Abreu es una experimentada abogada transaccional con m\u00e1s de diecisiete a\u00f1os de experiencia en transacciones inmobiliarias. La pr\u00e1ctica de la Sra. Abreu se centra en cierres de bienes ra\u00edces residenciales y comerciales, as\u00ed como en asuntos de litigios inmobiliarios. Adem\u00e1s, la Sra. Abreu tiene experiencia representando a prestamistas privados en la redacci\u00f3n y negociaci\u00f3n de documentos de pr\u00e9stamos y modificaciones de pr\u00e9stamos.<\/p>\n<p>[\/vc_column_text][vc_separator type=\u00bbtransparent\u00bb up=\u00bb32&#8243; down=\u00bb0&#8243;][vc_single_image image=\u00bb17351&#8243; img_size=\u00bbfull\u00bb qode_css_animation=\u00bb\u00bb][vc_separator type=\u00bbtransparent\u00bb up=\u00bb32&#8243; down=\u00bb0&#8243;][\/vc_column][vc_column width=\u00bb1\/2&#8243;]<div class=\"qode-accordion-holder clearfix qode-toggle qode-initial \">\n\t<h3 class=\"clearfix qode-title-holder\">\n<span class=\"qode-tab-title\">\n\t    <span class=\"qode-tab-title-inner\">\n        Logros    <\/span>\n<\/span>\n<span class=\"qode-accordion-mark\">\n    <span class=\"qode-accordion-mark-icon\">\n        <span class=\"icon_plus\"><\/span>\n        <span class=\"icon_minus-06\"><\/span>\n    <\/span>\n<\/span>\n<\/h3>\n<div  class=\"qode-accordion-content qode-acc-title-with-icon\" >\n    <div class=\"qode-accordion-content-inner\">\n        [vc_column_text]<\/p>\n<ul>\n<li style=\"text-align: left;\">Se desempe\u00f1\u00f3 como asesor legal local en una oferta p\u00fablica inicial (OPI) exitosa para una empresa emergente FinTech con sede en Miami Beach.<\/li>\n<li style=\"text-align: left;\">Litig\u00f3 y resolvi\u00f3 con \u00e9xito varias acciones de partici\u00f3n de bienes ra\u00edces que involucraron a m\u00faltiples partes y propiedades de propietarios fallecidos, algunas de las cuales culminaron con el nombramiento de un Magistrado Especial.<\/li>\n<li style=\"text-align: left;\">Negoci\u00f3, redact\u00f3 y cerr\u00f3 pr\u00e9stamos multimillonarios basados en activos para varias empresas del sur de la Florida.<\/li>\n<li style=\"text-align: left;\">Cerr\u00f3 con \u00e9xito transacciones de refinanciamiento multimillonarias en medio de la construcci\u00f3n, incluida la negociaci\u00f3n de los documentos del pr\u00e9stamo.<\/li>\n<li style=\"text-align: left;\">Representaci\u00f3n tanto de prestamistas como de prestatarios en diversas transacciones inmobiliarias sofisticadas, incluidos pr\u00e9stamos generales, pr\u00e9stamos para la construcci\u00f3n y otras financiaciones comerciales.<\/li>\n<\/ul>\n<p>[\/vc_column_text]    <\/div>\n<\/div><h3 class=\"clearfix qode-title-holder\">\n<span class=\"qode-tab-title\">\n\t    <span class=\"qode-tab-title-inner\">\n        Afiliaciones    <\/span>\n<\/span>\n<span class=\"qode-accordion-mark\">\n    <span class=\"qode-accordion-mark-icon\">\n        <span class=\"icon_plus\"><\/span>\n        <span class=\"icon_minus-06\"><\/span>\n    <\/span>\n<\/span>\n<\/h3>\n<div  class=\"qode-accordion-content qode-acc-title-with-icon\" >\n    <div class=\"qode-accordion-content-inner\">\n        [vc_column_text]<\/p>\n<ul>\n<li style=\"text-align: left;\">Colegio de Abogados de Florida<\/li>\n<li style=\"text-align: left;\">Fondo de seguro de t\u00edtulo de abogado<\/li>\n<li style=\"text-align: left;\">La Secci\u00f3n de Derecho de Bienes Ra\u00edces, Sucesiones y Fideicomisos del Colegio de Abogados de Florida.<\/li>\n<li style=\"text-align: left;\">Colegio de Abogados Cubano-Americano<\/li>\n<\/ul>\n<p>[\/vc_column_text]    <\/div>\n<\/div><h3 class=\"clearfix qode-title-holder\">\n<span class=\"qode-tab-title\">\n\t    <span class=\"qode-tab-title-inner\">\n        Admisiones    <\/span>\n<\/span>\n<span class=\"qode-accordion-mark\">\n    <span class=\"qode-accordion-mark-icon\">\n        <span class=\"icon_plus\"><\/span>\n        <span class=\"icon_minus-06\"><\/span>\n    <\/span>\n<\/span>\n<\/h3>\n<div  class=\"qode-accordion-content qode-acc-title-with-icon\" >\n    <div class=\"qode-accordion-content-inner\">\n        [vc_column_text]<\/p>\n<ul>\n<li style=\"text-align: left;\">Colegio de Abogados de Florida, 2005<\/li>\n<li style=\"text-align: left;\">Tribunal de Distrito de los Estados Unidos, Distrito Sur de Florida, 2005<\/li>\n<\/ul>\n<p>[\/vc_column_text]    <\/div>\n<\/div><h3 class=\"clearfix qode-title-holder\">\n<span class=\"qode-tab-title\">\n\t    <span class=\"qode-tab-title-inner\">\n        Educaci\u00f3n    <\/span>\n<\/span>\n<span class=\"qode-accordion-mark\">\n    <span class=\"qode-accordion-mark-icon\">\n        <span class=\"icon_plus\"><\/span>\n        <span class=\"icon_minus-06\"><\/span>\n    <\/span>\n<\/span>\n<\/h3>\n<div  class=\"qode-accordion-content qode-acc-title-with-icon\" >\n    <div class=\"qode-accordion-content-inner\">\n        [vc_column_text]<\/p>\n<ul>\n<li style=\"text-align: left;\">Universidad Internacional de Florida, Facultad de Derecho, J.D., 2005<\/li>\n<li style=\"text-align: left;\">Universidad de Miami, Maestr\u00eda en Literatura Inglesa, 1999<\/li>\n<li style=\"text-align: left;\">La Universidad de Miami, Licenciatura en Literatura Inglesa, 1997<\/li>\n<\/ul>\n<p>[\/vc_column_text]    <\/div>\n<\/div><h3 class=\"clearfix qode-title-holder\">\n<span class=\"qode-tab-title\">\n\t    <span class=\"qode-tab-title-inner\">\n        Lenguajes    <\/span>\n<\/span>\n<span class=\"qode-accordion-mark\">\n    <span class=\"qode-accordion-mark-icon\">\n        <span class=\"icon_plus\"><\/span>\n        <span class=\"icon_minus-06\"><\/span>\n    <\/span>\n<\/span>\n<\/h3>\n<div  class=\"qode-accordion-content qode-acc-title-with-icon\" >\n    <div class=\"qode-accordion-content-inner\">\n        [vc_column_text]<\/p>\n<ul>\n<li style=\"text-align: left;\">Ingl\u00e9s<\/li>\n<li style=\"text-align: left;\">Espa\u00f1ol<\/li>\n<li style=\"text-align: left;\">Franc\u00e9s<\/li>\n<\/ul>\n<p>[\/vc_column_text]    <\/div>\n<\/div><\/div>[\/vc_column][\/vc_row][vc_row css_animation=\u00bb\u00bb row_type=\u00bbrow\u00bb use_row_as_full_screen_section=\u00bbno\u00bb type=\u00bbfull_width\u00bb angled_section=\u00bbno\u00bb text_align=\u00bbleft\u00bb background_image_as_pattern=\u00bbwithout_pattern\u00bb z_index=\u00bb\u00bb padding_bottom=\u00bb90&#8243; padding_top=\u00bb45&#8243; el_class=\u00bbprev-next-row\u00bb][vc_column width=\u00bb1\/4&#8243;]\n\n\t<a href=\"\/marcy-s-resnik\/\" target=\"_self\" style=\"color: #262626;font-size: 16px;font-weight: 400;text-transform: uppercase;letter-spacing: 1.4px\" class=\"qode-btn qode-btn-medium qode-btn-simple qode-btn-custom-hover-color qode-btn-icon previous-action-but qode-btn-default-hover\" data-hover-color=\"#d2953b\" >\n\t    <span class=\"qode-btn-text\">Anterior<\/span><span class=\"qode-button-v2-icon-holder\"  ><i class=\"qode_icon_font_awesome fa fa-angle-left qode-button-v2-icon-holder-inner\" ><\/i><\/span>\t<\/a>\n\n[\/vc_column][vc_column width=\u00bb1\/4&#8243;][\/vc_column][vc_column width=\u00bb1\/4&#8243;][\/vc_column][vc_column width=\u00bb1\/4&#8243;]\n\n\t<a href=\"\/our-thoughts\/\" target=\"_self\" style=\"color: #262626;font-size: 16px;font-weight: 400;text-transform: uppercase;letter-spacing: 1.4px\" class=\"qode-btn qode-btn-medium qode-btn-simple qode-btn-custom-hover-color qode-btn-icon qode-btn-default-hover\" data-hover-color=\"#d2953b\" >\n\t    <span class=\"qode-btn-text\">Pr\u00f3ximo<\/span><span class=\"qode-button-v2-icon-holder\"  ><i class=\"qode_icon_font_awesome fa fa-angle-right qode-button-v2-icon-holder-inner\" ><\/i><\/span>\t<\/a>\n\n[\/vc_column][\/vc_row][vc_row row_type=\u00bbparallax\u00bb parallax_content_width=\u00bbin_grid\u00bb text_align=\u00bbleft\u00bb full_screen_section_height=\u00bbno\u00bb background_image=\u00bb16753&#8243; section_height=\u00bb420&#8243;][vc_column][vc_separator type=\u00bbtransparent\u00bb up=\u00bb145&#8243; down=\u00bb0&#8243;][vc_column_text css=\u00bb.vc_custom_1599791558704{padding-top: 20px !important;padding-right: 20px !important;padding-bottom: 20px !important;padding-left: 20px !important;}\u00bb el_class=\u00bbtrans-bg\u00bb]<\/p>\n<h2 style=\"text-align: center;\"><em>C<\/em>onfianza. <em>I<\/em>ntegridad. <em>E<\/em>sfuerzo. <em>R<\/em>esultados.<\/h2>\n<p><\/p>\n<h3 style=\"text-align: center;\"><a href=\"\/es\/contactanos\">Cont\u00e1ctanos Hoy<\/a><\/h3>\n<p>[\/vc_column_text][vc_separator type=\u00bbtransparent\u00bb up=\u00bb100&#8243; down=\u00bb0&#8243;][\/vc_column][\/vc_row][vc_row css_animation=\u00bb\u00bb row_type=\u00bbrow\u00bb use_row_as_full_screen_section=\u00bbno\u00bb type=\u00bbfull_width\u00bb angled_section=\u00bbno\u00bb text_align=\u00bbleft\u00bb background_image_as_pattern=\u00bbwithout_pattern\u00bb z_index=\u00bb\u00bb][vc_column]<div class=\"call_to_action simple\" style=\"background-color: #353535;\"><div class=\"container_inner\"><div class=\"text_wrapper column1\"><div class=\"call_to_action_text  font_size_inherit font_weight_inherit\" style=\"font-size:30px;font-weight: 700;\">SUBSCR\u00cdBETE A NUESTRO NEWSLETTER<\/div><a itemprop=\"url\" href=\"\/es\/contactanos\" class=\"qbutton white large\" target=\"_self\" style=\"\" >Subscr\u00edbete Ahora<\/a><\/div><\/div><\/div>[\/vc_column][\/vc_row]<\/p>\n<\/section>","protected":false},"excerpt":{"rendered":"<p>[vc_row css_animation=\u00bb\u00bb row_type=\u00bbrow\u00bb use_row_as_full_screen_section=\u00bbno\u00bb type=\u00bbgrid\u00bb angled_section=\u00bbno\u00bb text_align=\u00bbcenter\u00bb background_image_as_pattern=\u00bbwithout_pattern\u00bb background_color=\u00bb#f7f7f7&#8243; padding_top=\u00bb60&#8243; padding_bottom=\u00bb50&#8243; css=\u00bb.vc_custom_1603105076355{background-color: #ffffff !important;}\u00bb z_index=\u00bb\u00bb][vc_column width=\u00bb1\/2&#8243;][vc_column_text] Brandy Abreu, Abogada [\/vc_column_text][vc_column_text] Brandy Abreu es una experimentada abogada transaccional con m\u00e1s de diecisiete a\u00f1os de experiencia en transacciones inmobiliarias. La pr\u00e1ctica de la Sra. Abreu se centra&#8230;<\/p>\n","protected":false},"author":3,"featured_media":0,"parent":0,"menu_order":0,"comment_status":"open","ping_status":"open","template":"full_width.php","meta":{"_acf_changed":false,"footnotes":""},"class_list":["post-18081","page","type-page","status-publish","hentry"],"acf":[],"yoast_head":"<!-- This site is optimized with the Yoast SEO plugin v27.6 - https:\/\/yoast.com\/product\/yoast-seo-wordpress\/ -->\n<title>Brandy Abreu, Esq. - Foodman Firm<\/title>\n<meta name=\"description\" content=\"Brandy Abreu es una experimentada abogada transaccional con m\u00e1s de diecisiete a\u00f1os de experiencia en transacciones inmobiliarias. La pr\u00e1ctica de la Sra. Abreu se centra en cierres de bienes ra\u00edces residenciales y comerciales, as\u00ed como en asuntos de litigios inmobiliarios. Adem\u00e1s, la Sra. Abreu tiene experiencia representando a prestamistas privados en la redacci\u00f3n y negociaci\u00f3n de documentos de pr\u00e9stamos y modificaciones de pr\u00e9stamos.\" \/>\n<meta name=\"robots\" content=\"index, follow, max-snippet:-1, max-image-preview:large, max-video-preview:-1\" \/>\n<link rel=\"canonical\" href=\"https:\/\/foodmanfirm.com\/es\/brandy-abreu-esq\/\" \/>\n<meta property=\"og:locale\" content=\"es_ES\" \/>\n<meta property=\"og:type\" content=\"article\" \/>\n<meta property=\"og:title\" content=\"Brandy Abreu, Esq. - Foodman Firm\" \/>\n<meta property=\"og:description\" content=\"Brandy Abreu es una experimentada abogada transaccional con m\u00e1s de diecisiete a\u00f1os de experiencia en transacciones inmobiliarias. La pr\u00e1ctica de la Sra. Abreu se centra en cierres de bienes ra\u00edces residenciales y comerciales, as\u00ed como en asuntos de litigios inmobiliarios. Adem\u00e1s, la Sra. Abreu tiene experiencia representando a prestamistas privados en la redacci\u00f3n y negociaci\u00f3n de documentos de pr\u00e9stamos y modificaciones de pr\u00e9stamos.\" \/>\n<meta property=\"og:url\" content=\"https:\/\/foodmanfirm.com\/es\/brandy-abreu-esq\/\" \/>\n<meta property=\"og:site_name\" content=\"Foodman Firm\" \/>\n<meta property=\"article:modified_time\" content=\"2025-12-08T21:36:05+00:00\" \/>\n<meta property=\"og:image\" content=\"https:\/\/foodmanfirm.com\/wp-content\/uploads\/2021\/02\/logo-social.jpg\" \/>\n\t<meta property=\"og:image:width\" content=\"1220\" \/>\n\t<meta property=\"og:image:height\" content=\"697\" \/>\n\t<meta property=\"og:image:type\" content=\"image\/jpeg\" \/>\n<meta name=\"twitter:card\" content=\"summary_large_image\" \/>\n<meta name=\"twitter:label1\" content=\"Tiempo de lectura\" \/>\n\t<meta name=\"twitter:data1\" content=\"2 minutos\" \/>\n<script type=\"application\/ld+json\" class=\"yoast-schema-graph\">{\"@context\":\"https:\\\/\\\/schema.org\",\"@graph\":[{\"@type\":\"WebPage\",\"@id\":\"https:\\\/\\\/foodmanfirm.com\\\/es\\\/brandy-abreu-esq\\\/\",\"url\":\"https:\\\/\\\/foodmanfirm.com\\\/es\\\/brandy-abreu-esq\\\/\",\"name\":\"Brandy Abreu, Esq. - Foodman Firm\",\"isPartOf\":{\"@id\":\"https:\\\/\\\/foodmanfirm.com\\\/es\\\/#website\"},\"datePublished\":\"2022-10-09T06:35:24+00:00\",\"dateModified\":\"2025-12-08T21:36:05+00:00\",\"description\":\"Brandy Abreu es una experimentada abogada transaccional con m\u00e1s de diecisiete a\u00f1os de experiencia en transacciones inmobiliarias. La pr\u00e1ctica de la Sra. Abreu se centra en cierres de bienes ra\u00edces residenciales y comerciales, as\u00ed como en asuntos de litigios inmobiliarios. Adem\u00e1s, la Sra. Abreu tiene experiencia representando a prestamistas privados en la redacci\u00f3n y negociaci\u00f3n de documentos de pr\u00e9stamos y modificaciones de pr\u00e9stamos.\",\"breadcrumb\":{\"@id\":\"https:\\\/\\\/foodmanfirm.com\\\/es\\\/brandy-abreu-esq\\\/#breadcrumb\"},\"inLanguage\":\"es\",\"potentialAction\":[{\"@type\":\"ReadAction\",\"target\":[\"https:\\\/\\\/foodmanfirm.com\\\/es\\\/brandy-abreu-esq\\\/\"]}]},{\"@type\":\"BreadcrumbList\",\"@id\":\"https:\\\/\\\/foodmanfirm.com\\\/es\\\/brandy-abreu-esq\\\/#breadcrumb\",\"itemListElement\":[{\"@type\":\"ListItem\",\"position\":1,\"name\":\"Home\",\"item\":\"https:\\\/\\\/foodmanfirm.com\\\/es\\\/\"},{\"@type\":\"ListItem\",\"position\":2,\"name\":\"Brandy Abreu, Esq.\"}]},{\"@type\":\"WebSite\",\"@id\":\"https:\\\/\\\/foodmanfirm.com\\\/es\\\/#website\",\"url\":\"https:\\\/\\\/foodmanfirm.com\\\/es\\\/\",\"name\":\"Foodman Firm\",\"description\":\"Miami Concierge Trial Lawyer\",\"publisher\":{\"@id\":\"https:\\\/\\\/foodmanfirm.com\\\/es\\\/#organization\"},\"potentialAction\":[{\"@type\":\"SearchAction\",\"target\":{\"@type\":\"EntryPoint\",\"urlTemplate\":\"https:\\\/\\\/foodmanfirm.com\\\/es\\\/?s={search_term_string}\"},\"query-input\":{\"@type\":\"PropertyValueSpecification\",\"valueRequired\":true,\"valueName\":\"search_term_string\"}}],\"inLanguage\":\"es\"},{\"@type\":\"Organization\",\"@id\":\"https:\\\/\\\/foodmanfirm.com\\\/es\\\/#organization\",\"name\":\"The Foodman Firm\",\"url\":\"https:\\\/\\\/foodmanfirm.com\\\/es\\\/\",\"logo\":{\"@type\":\"ImageObject\",\"inLanguage\":\"es\",\"@id\":\"https:\\\/\\\/foodmanfirm.com\\\/es\\\/#\\\/schema\\\/logo\\\/image\\\/\",\"url\":\"https:\\\/\\\/secureservercdn.net\\\/198.71.233.65\\\/ajd.17f.myftpupload.com\\\/wp-content\\\/uploads\\\/2021\\\/02\\\/logo-social.jpg?time=1622702638\",\"contentUrl\":\"https:\\\/\\\/secureservercdn.net\\\/198.71.233.65\\\/ajd.17f.myftpupload.com\\\/wp-content\\\/uploads\\\/2021\\\/02\\\/logo-social.jpg?time=1622702638\",\"width\":1220,\"height\":697,\"caption\":\"The Foodman Firm\"},\"image\":{\"@id\":\"https:\\\/\\\/foodmanfirm.com\\\/es\\\/#\\\/schema\\\/logo\\\/image\\\/\"}}]}<\/script>\n<!-- \/ Yoast SEO plugin. -->","yoast_head_json":{"title":"Brandy Abreu, Esq. - Foodman Firm","description":"Brandy Abreu es una experimentada abogada transaccional con m\u00e1s de diecisiete a\u00f1os de experiencia en transacciones inmobiliarias. La pr\u00e1ctica de la Sra. Abreu se centra en cierres de bienes ra\u00edces residenciales y comerciales, as\u00ed como en asuntos de litigios inmobiliarios. Adem\u00e1s, la Sra. Abreu tiene experiencia representando a prestamistas privados en la redacci\u00f3n y negociaci\u00f3n de documentos de pr\u00e9stamos y modificaciones de pr\u00e9stamos.","robots":{"index":"index","follow":"follow","max-snippet":"max-snippet:-1","max-image-preview":"max-image-preview:large","max-video-preview":"max-video-preview:-1"},"canonical":"https:\/\/foodmanfirm.com\/es\/brandy-abreu-esq\/","og_locale":"es_ES","og_type":"article","og_title":"Brandy Abreu, Esq. - Foodman Firm","og_description":"Brandy Abreu es una experimentada abogada transaccional con m\u00e1s de diecisiete a\u00f1os de experiencia en transacciones inmobiliarias. La pr\u00e1ctica de la Sra. Abreu se centra en cierres de bienes ra\u00edces residenciales y comerciales, as\u00ed como en asuntos de litigios inmobiliarios. Adem\u00e1s, la Sra. Abreu tiene experiencia representando a prestamistas privados en la redacci\u00f3n y negociaci\u00f3n de documentos de pr\u00e9stamos y modificaciones de pr\u00e9stamos.","og_url":"https:\/\/foodmanfirm.com\/es\/brandy-abreu-esq\/","og_site_name":"Foodman Firm","article_modified_time":"2025-12-08T21:36:05+00:00","og_image":[{"width":1220,"height":697,"url":"https:\/\/foodmanfirm.com\/wp-content\/uploads\/2021\/02\/logo-social.jpg","type":"image\/jpeg"}],"twitter_card":"summary_large_image","twitter_misc":{"Tiempo de lectura":"2 minutos"},"schema":{"@context":"https:\/\/schema.org","@graph":[{"@type":"WebPage","@id":"https:\/\/foodmanfirm.com\/es\/brandy-abreu-esq\/","url":"https:\/\/foodmanfirm.com\/es\/brandy-abreu-esq\/","name":"Brandy Abreu, Esq. - Foodman Firm","isPartOf":{"@id":"https:\/\/foodmanfirm.com\/es\/#website"},"datePublished":"2022-10-09T06:35:24+00:00","dateModified":"2025-12-08T21:36:05+00:00","description":"Brandy Abreu es una experimentada abogada transaccional con m\u00e1s de diecisiete a\u00f1os de experiencia en transacciones inmobiliarias. La pr\u00e1ctica de la Sra. Abreu se centra en cierres de bienes ra\u00edces residenciales y comerciales, as\u00ed como en asuntos de litigios inmobiliarios. Adem\u00e1s, la Sra. Abreu tiene experiencia representando a prestamistas privados en la redacci\u00f3n y negociaci\u00f3n de documentos de pr\u00e9stamos y modificaciones de pr\u00e9stamos.","breadcrumb":{"@id":"https:\/\/foodmanfirm.com\/es\/brandy-abreu-esq\/#breadcrumb"},"inLanguage":"es","potentialAction":[{"@type":"ReadAction","target":["https:\/\/foodmanfirm.com\/es\/brandy-abreu-esq\/"]}]},{"@type":"BreadcrumbList","@id":"https:\/\/foodmanfirm.com\/es\/brandy-abreu-esq\/#breadcrumb","itemListElement":[{"@type":"ListItem","position":1,"name":"Home","item":"https:\/\/foodmanfirm.com\/es\/"},{"@type":"ListItem","position":2,"name":"Brandy Abreu, Esq."}]},{"@type":"WebSite","@id":"https:\/\/foodmanfirm.com\/es\/#website","url":"https:\/\/foodmanfirm.com\/es\/","name":"Foodman Firm","description":"Miami Concierge Trial Lawyer","publisher":{"@id":"https:\/\/foodmanfirm.com\/es\/#organization"},"potentialAction":[{"@type":"SearchAction","target":{"@type":"EntryPoint","urlTemplate":"https:\/\/foodmanfirm.com\/es\/?s={search_term_string}"},"query-input":{"@type":"PropertyValueSpecification","valueRequired":true,"valueName":"search_term_string"}}],"inLanguage":"es"},{"@type":"Organization","@id":"https:\/\/foodmanfirm.com\/es\/#organization","name":"The Foodman Firm","url":"https:\/\/foodmanfirm.com\/es\/","logo":{"@type":"ImageObject","inLanguage":"es","@id":"https:\/\/foodmanfirm.com\/es\/#\/schema\/logo\/image\/","url":"https:\/\/secureservercdn.net\/198.71.233.65\/ajd.17f.myftpupload.com\/wp-content\/uploads\/2021\/02\/logo-social.jpg?time=1622702638","contentUrl":"https:\/\/secureservercdn.net\/198.71.233.65\/ajd.17f.myftpupload.com\/wp-content\/uploads\/2021\/02\/logo-social.jpg?time=1622702638","width":1220,"height":697,"caption":"The Foodman Firm"},"image":{"@id":"https:\/\/foodmanfirm.com\/es\/#\/schema\/logo\/image\/"}}]}},"_links":{"self":[{"href":"https:\/\/foodmanfirm.com\/es\/wp-json\/wp\/v2\/pages\/18081","targetHints":{"allow":["GET"]}}],"collection":[{"href":"https:\/\/foodmanfirm.com\/es\/wp-json\/wp\/v2\/pages"}],"about":[{"href":"https:\/\/foodmanfirm.com\/es\/wp-json\/wp\/v2\/types\/page"}],"author":[{"embeddable":true,"href":"https:\/\/foodmanfirm.com\/es\/wp-json\/wp\/v2\/users\/3"}],"replies":[{"embeddable":true,"href":"https:\/\/foodmanfirm.com\/es\/wp-json\/wp\/v2\/comments?post=18081"}],"version-history":[{"count":16,"href":"https:\/\/foodmanfirm.com\/es\/wp-json\/wp\/v2\/pages\/18081\/revisions"}],"predecessor-version":[{"id":18400,"href":"https:\/\/foodmanfirm.com\/es\/wp-json\/wp\/v2\/pages\/18081\/revisions\/18400"}],"wp:attachment":[{"href":"https:\/\/foodmanfirm.com\/es\/wp-json\/wp\/v2\/media?parent=18081"}],"curies":[{"name":"wp","href":"https:\/\/api.w.org\/{rel}","templated":true}]}}